{"id":1223,"date":"2023-06-26T18:17:48","date_gmt":"2023-06-26T18:17:48","guid":{"rendered":"https:\/\/halle-selk.de\/?page_id=1223"},"modified":"2023-12-24T11:48:16","modified_gmt":"2023-12-24T11:48:16","slug":"die-weihetafel","status":"publish","type":"page","link":"https:\/\/halle-selk.de\/?page_id=1223","title":{"rendered":"Die Weihetafel"},"content":{"rendered":"\n<p>Am 22. Juli 1514 weihte Erzbischof Albrecht die Magdalenen-Kapelle der Moritzburg zur Stiftskirche als Ort f\u00fcr seinen gro\u00dfen Reliquienschatz. Das Hallesche Heiltumbuch von 1520, das in der <a href=\"https:\/\/www.marktkirche-halle.de\/marienbibliothek\/\" target=\"_blank\" rel=\"noreferrer noopener\">Marienbibliothek<\/a> erhalten blieb, nennt 8133 Reliquienpartikel und 42 Knochenst\u00fccke von Heiligen in kostbaren Gef\u00e4\u00dfen, die bei Verehrung und angemessenen Spenden \u201ein summa&#8220; mehr als 39 Millionen Jahre (!) Ablass versprachen. Martin Luther nannte dieses \u201eHallesche Heiltum&#8220; den \u201eAbgott von Halle&#8220;, gegen den er 1517 in seinen 95 Thesen zu Felde zog.<\/p>\n\n\n\n<p>Die in kirchenf\u00fcrstlicher Pracht vollzogene Weihe dokumentiert die steinerne Weihetafel an der Nordwand der Kapelle unter der Empore:<\/p>\n\n\n\n<figure class=\"wp-block-image size-large\"><img decoding=\"async\" loading=\"lazy\" width=\"1024\" height=\"682\" src=\"https:\/\/halle-selk.de\/wp-content\/uploads\/2023\/06\/pic_Weihetafel_Nordwand-1024x682.jpg\" alt=\"\" class=\"wp-image-1228\" srcset=\"https:\/\/halle-selk.de\/wp-content\/uploads\/2023\/06\/pic_Weihetafel_Nordwand-1024x682.jpg 1024w, https:\/\/halle-selk.de\/wp-content\/uploads\/2023\/06\/pic_Weihetafel_Nordwand-300x200.jpg 300w, https:\/\/halle-selk.de\/wp-content\/uploads\/2023\/06\/pic_Weihetafel_Nordwand-768x512.jpg 768w, https:\/\/halle-selk.de\/wp-content\/uploads\/2023\/06\/pic_Weihetafel_Nordwand-1536x1024.jpg 1536w, https:\/\/halle-selk.de\/wp-content\/uploads\/2023\/06\/pic_Weihetafel_Nordwand.jpg 2000w\" sizes=\"(max-width: 1024px) 100vw, 1024px\" \/><\/figure>\n\n\n\n<p>Im Wappenschild sind die Wappen der Erzbist\u00fcmer Magdeburg (rot-wei\u00df geteilt) und Mainz (Rad) und des Bistums Halberstadt (schwarz-rot) umgeben von dem Brandenburgischen Adler und von Familienwappen der Hohenzollern, unten der viergeteilte Hohenzollernschild.<\/p>\n\n\n\n<p>Gehalten wird der Schild von zwei Heiligenfiguren, dem Hlg. Mauritius als Schutzpatron des Erzbistums Magdeburg und dem Hlg. Martin als Patron des Erzbistums Mainz.<\/p>\n\n\n\n<p> Die Umrahmung der Weihetafel zeigt erstmals Formen der Fr\u00fchrenaissance in Halle.<\/p>\n\n\n\n<figure class=\"wp-block-image size-large is-resized\"><img decoding=\"async\" loading=\"lazy\" src=\"https:\/\/halle-selk.de\/wp-content\/uploads\/2023\/06\/pic_Weihetafel_gesamt-edited.jpg\" alt=\"\" class=\"wp-image-1229\" width=\"1024\" height=\"999\"\/><\/figure>\n\n\n\n<p>Die lateinische Inschrift \u00fcbersetzt lautet:<\/p>\n\n\n\n<figure class=\"wp-block-image size-large\"><img decoding=\"async\" loading=\"lazy\" width=\"1024\" height=\"293\" src=\"https:\/\/halle-selk.de\/wp-content\/uploads\/2023\/06\/pic_Weihetafel_Schrift-1024x293.jpg\" alt=\"\" class=\"wp-image-1225\" srcset=\"https:\/\/halle-selk.de\/wp-content\/uploads\/2023\/06\/pic_Weihetafel_Schrift-1024x293.jpg 1024w, https:\/\/halle-selk.de\/wp-content\/uploads\/2023\/06\/pic_Weihetafel_Schrift-300x86.jpg 300w, https:\/\/halle-selk.de\/wp-content\/uploads\/2023\/06\/pic_Weihetafel_Schrift-768x219.jpg 768w, https:\/\/halle-selk.de\/wp-content\/uploads\/2023\/06\/pic_Weihetafel_Schrift-1536x439.jpg 1536w, https:\/\/halle-selk.de\/wp-content\/uploads\/2023\/06\/pic_Weihetafel_Schrift-2048x585.jpg 2048w\" sizes=\"(max-width: 1024px) 100vw, 1024px\" \/><\/figure>\n\n\n\n<p><em>Gott dem Allm\u00e4chtigen und der heiligen Magdalena als Schutzpatronin hat Albertus, von dessen W\u00fcrde und Herkunft diese Zeichen k\u00fcnden, dieses Haus selbst geweiht im Jahre Christi 1514.<\/em><\/p>\n\n\n\n<p>Mit dieser Weihe war die Magdalenen-Kapelle nicht mehr nur eine Burgkapelle, sondern auch eine Wallfahrtskirche, obwohl f\u00fcr den wachsenden Reliquienschatz bald zu klein. Einige Jahre sp\u00e4ter wurde das Hallesche Heiltum in die neugestaltete, wesentlich gr\u00f6\u00dfere Dominikanerkirche am heutigen Domplatz \u00fcberf\u00fchrt und fortan dort gezeigt, bis Kardinal Albrecht 1541 Halle mitsamt seinem Kirchenschatz verlie\u00df.<\/p>\n\n\n\n<p>Am Magdalenentag, dem 22. Juli 2014 j\u00e4hrte sich die Weihe zum 500. Mal und wurde von der Gemeinde mit einer kleinen Gedenkfeier begangen.<\/p>\n","protected":false},"excerpt":{"rendered":"<p>Am 22. Juli 1514 weihte Erzbischof Albrecht die Magdalenen-Kapelle der Moritzburg zur Stiftskirche als Ort f\u00fcr seinen gro\u00dfen Reliquienschatz. Das Hallesche Heiltumbuch von 1520, das in der Marienbibliothek erhalten blieb, nennt 8133 Reliquienpartikel und 42 Knochenst\u00fccke von Heiligen in kostbaren Gef\u00e4\u00dfen, die bei Verehrung und angemessenen Spenden \u201ein summa&#8220; mehr als 39 Millionen Jahre (!) &#8230; <a title=\"Die Weihetafel\" class=\"read-more\" href=\"https:\/\/halle-selk.de\/?page_id=1223\" aria-label=\"Read more about Die Weihetafel\">Weiterlesen<\/a><\/p>\n","protected":false},"author":1,"featured_media":0,"parent":0,"menu_order":0,"comment_status":"closed","ping_status":"closed","template":"","meta":{"_eb_attr":"","ngg_post_thumbnail":0,"_themeisle_gutenberg_block_has_review":false},"_links":{"self":[{"href":"https:\/\/halle-selk.de\/index.php?rest_route=\/wp\/v2\/pages\/1223"}],"collection":[{"href":"https:\/\/halle-selk.de\/index.php?rest_route=\/wp\/v2\/pages"}],"about":[{"href":"https:\/\/halle-selk.de\/index.php?rest_route=\/wp\/v2\/types\/page"}],"author":[{"embeddable":true,"href":"https:\/\/halle-selk.de\/index.php?rest_route=\/wp\/v2\/users\/1"}],"replies":[{"embeddable":true,"href":"https:\/\/halle-selk.de\/index.php?rest_route=%2Fwp%2Fv2%2Fcomments&post=1223"}],"version-history":[{"count":6,"href":"https:\/\/halle-selk.de\/index.php?rest_route=\/wp\/v2\/pages\/1223\/revisions"}],"predecessor-version":[{"id":1860,"href":"https:\/\/halle-selk.de\/index.php?rest_route=\/wp\/v2\/pages\/1223\/revisions\/1860"}],"wp:attachment":[{"href":"https:\/\/halle-selk.de\/index.php?rest_route=%2Fwp%2Fv2%2Fmedia&parent=1223"}],"curies":[{"name":"wp","href":"https:\/\/api.w.org\/{rel}","templated":true}]}}