{"id":1300,"date":"2023-07-09T14:21:38","date_gmt":"2023-07-09T14:21:38","guid":{"rendered":"https:\/\/halle-selk.de\/?page_id=1300"},"modified":"2023-09-02T13:09:38","modified_gmt":"2023-09-02T13:09:38","slug":"die-orgel","status":"publish","type":"page","link":"https:\/\/halle-selk.de\/?page_id=1300","title":{"rendered":"Die Orgel"},"content":{"rendered":"\n<div class=\"is-layout-flex wp-container-3 wp-block-columns\">\n<div class=\"is-layout-flow wp-block-column\" style=\"flex-basis:75%\">\n<p>Schon vor dem Brand von 1637 hat es in der Kapelle eine Orgel gegeben, an der auch der Hoforganist Samuel Scheidt t\u00e4tig war. Der denkmalgesch\u00fctzte Prospekt und das Geh\u00e4use mit zwei Schauseiten stammen im Entwurf von Regierungsbaumeister Leibnitz aus Berlin und wurde samt dem Orgelwerk von der Orgelbaufirma Wilhelm R\u00fchlmann aus Z\u00f6rbig 1898 ausgef\u00fchrt.<\/p>\n\n\n\n<p>Die Orgel verf\u00fcgte \u00fcber 12 Register auf zwei Manualen und Pedal mit pneumatischen Kegelladen. Der Charakter der Disposition war auf rein gottesdienstlichen und weniger konzertanten Gebrauch ausgerichtet. Wegen zunehmender St\u00f6ranf\u00e4lligkeit der Orgel kam es zu \u00dcberlegungen seitens der Gemeinde und der Universit\u00e4t, die Orgel grundlegend zu \u00fcberarbeiten bzw. zu erneuern. Die Orgelbaufirma K\u00fchn aus Merseburg wurde beauftragt, ein neues Orgelwerk in das denkmalgesch\u00fctzte Geh\u00e4use einzubauen unter Verwendung einiger erhaltenswerter Register der alten Orgel. Die Arbeiten f\u00fchrte der Orgelbaumeister Thomas Hildebrandt der Fa. K\u00fchn aus. Es entstand aus der alten pneumatischen 12-Register-Orgel eine mechanische Orgel mit 16 Registern auf zwei Manualen und Pedal. An der Disposition der Orgel arbeiteten Martin Rost und Michael Sch\u00f6nheit mit. Einweihung war am 18. November 1990. <\/p>\n\n\n\n<p>Die Orgel erklingt regelm\u00e4\u00dfig in den Gottesdiensten der Gemeinde St.Maria-Magdalena.<\/p>\n<\/div>\n\n\n\n<div class=\"is-layout-flow wp-block-column\" style=\"flex-basis:33.33%\">\n<h4 class=\"has-text-align-center\">Kleine Orgelgalerie<\/h4>\n\n\n\n<hr class=\"wp-block-separator has-alpha-channel-opacity\"\/>\n\n\n\nngg_shortcode_0_placeholder\n<\/div>\n<\/div>\n","protected":false},"excerpt":{"rendered":"<p>Schon vor dem Brand von 1637 hat es in der Kapelle eine Orgel gegeben, an der auch der Hoforganist Samuel Scheidt t\u00e4tig war. Der denkmalgesch\u00fctzte Prospekt und das Geh\u00e4use mit zwei Schauseiten stammen im Entwurf von Regierungsbaumeister Leibnitz aus Berlin und wurde samt dem Orgelwerk von der Orgelbaufirma Wilhelm R\u00fchlmann aus Z\u00f6rbig 1898 ausgef\u00fchrt. Die &#8230; <a title=\"Die Orgel\" class=\"read-more\" href=\"https:\/\/halle-selk.de\/?page_id=1300\" aria-label=\"Read more about Die Orgel\">Weiterlesen<\/a><\/p>\n","protected":false},"author":1,"featured_media":0,"parent":0,"menu_order":0,"comment_status":"closed","ping_status":"closed","template":"","meta":{"_eb_attr":"","ngg_post_thumbnail":0,"_themeisle_gutenberg_block_has_review":false},"_links":{"self":[{"href":"https:\/\/halle-selk.de\/index.php?rest_route=\/wp\/v2\/pages\/1300"}],"collection":[{"href":"https:\/\/halle-selk.de\/index.php?rest_route=\/wp\/v2\/pages"}],"about":[{"href":"https:\/\/halle-selk.de\/index.php?rest_route=\/wp\/v2\/types\/page"}],"author":[{"embeddable":true,"href":"https:\/\/halle-selk.de\/index.php?rest_route=\/wp\/v2\/users\/1"}],"replies":[{"embeddable":true,"href":"https:\/\/halle-selk.de\/index.php?rest_route=%2Fwp%2Fv2%2Fcomments&post=1300"}],"version-history":[{"count":17,"href":"https:\/\/halle-selk.de\/index.php?rest_route=\/wp\/v2\/pages\/1300\/revisions"}],"predecessor-version":[{"id":1594,"href":"https:\/\/halle-selk.de\/index.php?rest_route=\/wp\/v2\/pages\/1300\/revisions\/1594"}],"wp:attachment":[{"href":"https:\/\/halle-selk.de\/index.php?rest_route=%2Fwp%2Fv2%2Fmedia&parent=1300"}],"curies":[{"name":"wp","href":"https:\/\/api.w.org\/{rel}","templated":true}]}}