{"id":2483,"date":"2025-02-02T16:05:50","date_gmt":"2025-02-02T16:05:50","guid":{"rendered":"https:\/\/halle-selk.de\/?page_id=2483"},"modified":"2025-02-02T16:05:51","modified_gmt":"2025-02-02T16:05:51","slug":"jahreslosung-2025","status":"publish","type":"page","link":"https:\/\/halle-selk.de\/?page_id=2483","title":{"rendered":"Jahreslosung 2025"},"content":{"rendered":"\n<div class=\"is-layout-flex wp-container-3 wp-block-columns\">\n<div class=\"is-layout-flow wp-block-column\" style=\"flex-basis:33.33%\"><div class=\"wp-block-image\">\n<figure class=\"aligncenter size-large\"><img decoding=\"async\" loading=\"lazy\" width=\"724\" height=\"1024\" src=\"https:\/\/halle-selk.de\/wp-content\/uploads\/2024\/11\/2024-11_TitelbildGemeindebrief_Jahreslosung2025-724x1024.png\" alt=\"\" class=\"wp-image-2379\" srcset=\"https:\/\/halle-selk.de\/wp-content\/uploads\/2024\/11\/2024-11_TitelbildGemeindebrief_Jahreslosung2025-724x1024.png 724w, https:\/\/halle-selk.de\/wp-content\/uploads\/2024\/11\/2024-11_TitelbildGemeindebrief_Jahreslosung2025-212x300.png 212w, https:\/\/halle-selk.de\/wp-content\/uploads\/2024\/11\/2024-11_TitelbildGemeindebrief_Jahreslosung2025-768x1086.png 768w, https:\/\/halle-selk.de\/wp-content\/uploads\/2024\/11\/2024-11_TitelbildGemeindebrief_Jahreslosung2025-1086x1536.png 1086w, https:\/\/halle-selk.de\/wp-content\/uploads\/2024\/11\/2024-11_TitelbildGemeindebrief_Jahreslosung2025.png 1414w\" sizes=\"(max-width: 724px) 100vw, 724px\" \/><figcaption class=\"wp-element-caption\"><em>Acrylmalerei von Doris Hopf \u00a9 <a href=\"https:\/\/www.gemeindebriefdruckerei.de\/\" target=\"_blank\" rel=\"noreferrer noopener\">Gemeindebriefdruckerei.de<\/a><\/em><\/figcaption><\/figure><\/div><\/div>\n\n\n\n<div class=\"is-layout-flow wp-block-column\" style=\"flex-basis:66.66%\">\n<h3>Gedanken zur Jahreslosung<\/h3>\n\n\n\n<p> <p>Die Jahreslosung f\u00fcr 2025 steht im 1. Thessalonicherbrief und unsere Kirchenr\u00e4tin a.D. Doris Michel-Schmidt (Allendorf\/ Ulm) hat sich dazu einige gute Gedanken gemacht, die ich Ihnen\/Euch nicht vorenthalten will. Viel Freude bei der Lekt\u00fcre!<\/p><\/p>\n\n\n\n<p><p>Ihr\/Euer Pastor Felix Hammer<\/p><\/p>\n\n\n\n<p>   <\/p>\n\n\n\n<p class=\"has-text-align-center\"><strong>Pr\u00fcft alles und behaltet das Gute<br>(1. Thess 5,21)<\/strong><\/p>\n\n\n\n<p>Neulich habe ich mein Arbeitszimmer ausgemistet: alte Unterlagen, B\u00fccher, Krimskrams. Ich \u00fcberlegte, was ich wegwerfen, was ich behalten wollte. Ob ich es voraussichtlich noch brauchen, nochmals lesen w\u00fcrde. Ob damit Erinnerungen verbunden sind, ob ich es noch sch\u00f6n finde.<\/p>\n\n\n\n<p>\u201ePr\u00fcft alles und behaltet das Gute\u201c: Hat Paulus mit dem Vers aus dem Brief an die Thessalonicher ein \u00e4hnliches Vorgehen gemeint, im Sinne von: H\u00f6rt euch an, was man euch \u00fcber den Glauben erz\u00e4hlt, \u00fcberlegt, ob ihr das gut findet, und je nachdem behaltet es oder lehnt es ab?<\/p>\n\n\n\n<p>Heute wird diese Lesart gern auf die ganze Bibel bezogen: Pr\u00fcft darin alles und behaltet das Gute. Dass jeder dabei die Bibel anders verstehe, geh\u00f6rt dann mit zu diesem Verst\u00e4ndnis, und folglich auch, dass es nicht um wahr oder falsch gehe, sondern h\u00f6chstens um Meinungen, um \u201egef\u00fchlte Wahrheiten\u201c.<\/p>\n\n\n\n<p>Der Pr\u00fcfstein w\u00e4re danach das eigene Empfinden, getragen nicht zuletzt durch das, was als Mehrheitsmeinung gerade angesagt ist. Alle sperrigen Zumutungen des Glaubens d\u00fcrften dieser Pr\u00fcfung dann allerdings kaum mehr Stand halten: dass der Mensch von der S\u00fcnde allein nicht loskommt, dass er erl\u00f6sungsbed\u00fcrftig ist, dass Jesus deshalb am Kreuz alle S\u00fcnden auf sich genommen hat und ich nur dadurch und allein durch Jesus Christus Zugang habe zu Gott. Und dass Jesus wiederkommen wird, \u201ezu richten die Lebendigen und die Toten\u201c.<\/p>\n\n\n\n<p>Pr\u00fcft alles und behaltet das Gute: Wie soll ich denn aber pr\u00fcfen und wie das Gute erkennen? In meinem Arbeitszimmer war das einfach: Ich konnte nach eigenem Gutd\u00fcnken entscheiden. Was mir wichtig war, habe ich behalten, was ich nicht mehr brauche, kam weg. Und im Glauben? Genau darum ging es Paulus doch: Die verunsicherte Gemeinde, die er gegr\u00fcndet hatte, fest zu machen in ihrem Urteil, damit sie Irrlehrern nicht auf den Leim kroch, damit sie nicht pl\u00f6tzlich Gottes Wort verdrehte und dem eigenen Empfinden anpasste.<\/p>\n\n\n\n<p>Wir Christen heute sind gegen\u00fcber den Thessalonichern schwer im Vorteil: Wir haben die ganze Bibel, die wir \u2013 nein, eben nicht einer Pr\u00fcfung unterziehen sollen, sondern sie allein als unseren Ma\u00dfstab anlegen, an dem wir alles pr\u00fcfen. An Gottes Wort sollen wir uns halten, und dabei genau hinschauen. Nicht scheinbar einleuchtende Ansichten \u00fcbernehmen, die uns weismachen wollen, die Bibel sei widerspr\u00fcchlich, in Teilen nicht mehr zeitgem\u00e4\u00df und Paulus sowieso ein h\u00f6chst zweifelhafter Zeuge. Pr\u00fcft alles und das Gute behaltet: Das ist nicht die Aufforderung, den Glauben wie mein Arbeitszimmer nach eigenem Ermessen aufzur\u00e4umen, sondern das ist die Ermahnung, immer und immer wieder in Gottes Wort nach seinem Willen zu forschen. Denn nur dort ist das Gute f\u00fcr uns zu finden.<\/p>\n<\/div>\n<\/div>\n","protected":false},"excerpt":{"rendered":"<p>Gedanken zur Jahreslosung Die Jahreslosung f\u00fcr 2025 steht im 1. Thessalonicherbrief und unsere Kirchenr\u00e4tin a.D. Doris Michel-Schmidt (Allendorf\/ Ulm) hat sich dazu einige gute Gedanken gemacht, die ich Ihnen\/Euch nicht vorenthalten will. Viel Freude bei der Lekt\u00fcre! Ihr\/Euer Pastor Felix Hammer Pr\u00fcft alles und behaltet das Gute(1. Thess 5,21) Neulich habe ich mein Arbeitszimmer ausgemistet: &#8230; <a title=\"Jahreslosung 2025\" class=\"read-more\" href=\"https:\/\/halle-selk.de\/?page_id=2483\" aria-label=\"Read more about Jahreslosung 2025\">Weiterlesen<\/a><\/p>\n","protected":false},"author":1,"featured_media":0,"parent":0,"menu_order":0,"comment_status":"closed","ping_status":"closed","template":"","meta":{"_eb_attr":"","ngg_post_thumbnail":0,"_themeisle_gutenberg_block_has_review":false},"_links":{"self":[{"href":"https:\/\/halle-selk.de\/index.php?rest_route=\/wp\/v2\/pages\/2483"}],"collection":[{"href":"https:\/\/halle-selk.de\/index.php?rest_route=\/wp\/v2\/pages"}],"about":[{"href":"https:\/\/halle-selk.de\/index.php?rest_route=\/wp\/v2\/types\/page"}],"author":[{"embeddable":true,"href":"https:\/\/halle-selk.de\/index.php?rest_route=\/wp\/v2\/users\/1"}],"replies":[{"embeddable":true,"href":"https:\/\/halle-selk.de\/index.php?rest_route=%2Fwp%2Fv2%2Fcomments&post=2483"}],"version-history":[{"count":1,"href":"https:\/\/halle-selk.de\/index.php?rest_route=\/wp\/v2\/pages\/2483\/revisions"}],"predecessor-version":[{"id":2485,"href":"https:\/\/halle-selk.de\/index.php?rest_route=\/wp\/v2\/pages\/2483\/revisions\/2485"}],"wp:attachment":[{"href":"https:\/\/halle-selk.de\/index.php?rest_route=%2Fwp%2Fv2%2Fmedia&parent=2483"}],"curies":[{"name":"wp","href":"https:\/\/api.w.org\/{rel}","templated":true}]}}