{"id":298,"date":"2023-02-18T13:35:58","date_gmt":"2023-02-18T12:35:58","guid":{"rendered":"http:\/\/wordpress.test-halle-selk.de\/?page_id=298"},"modified":"2023-03-04T20:24:28","modified_gmt":"2023-03-04T20:24:28","slug":"impressum","status":"publish","type":"page","link":"https:\/\/halle-selk.de\/?page_id=298","title":{"rendered":"Impressum"},"content":{"rendered":"<p><span class=\"xr_tl Normaler_Text xr_s10\">Die unter der Adresse www.halle-selk.de ver\u00f6ffentlichten Inhalte sowie die darauf <\/span> <span class=\"xr_tl Normaler_Text xr_s10\">umgeleiteten Adressen www.halle-selk.com, www.selk-halle.com und www.selk-<\/span> <span class=\"xr_tl Normaler_Text xr_s10\">halle.de werden herausgegeben in der Verantwortung des Pfarramtes und des <\/span> <span class=\"xr_tl Normaler_Text xr_s10\">Kirchenvorstandes der Kirchengemeinde Sankt Maria-Magdalena der <\/span> <span class=\"xr_tl Normaler_Text xr_s10\">Selbst\u00e4ndigen Evangelisch-lutherischen Kirche (SELK). <\/span> <span class=\"xr_tl Normaler_Text xr_s10\">Die Gemeinde ist eine K\u00f6rperschaft des \u00f6ffentlichen Rechtes.<\/span><\/p>\n<h2 class=\"xr_tl x--195-156berschrift_2 xr_s17\"><span class=\"x--195-156berschrift_2 xr_s13\">Postanschrift<\/span><\/h2>\n<p style=\"padding-left: 40px;\"><span class=\"xr_tl Normaler_Text xr_s10\"> Gemeinde Sankt Maria-Magdalena<\/span> <span class=\"xr_tl Normaler_Text xr_s10\"><br \/>\nder Selbst\u00e4ndigen Evangelisch-lutherischen Kirche <a href=\"http:\/\/www.selk.de\" target=\"_blank\" rel=\"noopener noreferrer\">(SELK)<\/a><\/span><br \/>\n<span class=\"xr_tl Normaler_Text xr_s10\"> Advokatenweg 48<br \/>\n06114 Halle (Saale)<\/span> <span class=\"xr_tl Normaler_Text xr_s10\"><br \/>\nTel.: 0345 &#8211; 523 37 64<\/span> <span class=\"xr_tl Normaler_Text xr_s10\"><br \/>\ne-Mail: <a href=\"mailto:Halle@selk.de\" target=\"_self\" rel=\"noopener\">Halle@selk.de<\/a><\/span><\/p>\n<h2 class=\"xr_tl x--195-156berschrift_2 xr_s12\"><span class=\"x--195-156berschrift_2 xr_s13\">technische und inhaltliche Betreuung als Beauftragter des <\/span><span class=\"x--195-156berschrift_2 xr_s13\">Kirchenvorstandes:<\/span><\/h2>\n<p style=\"padding-left: 40px;\"><span class=\"xr_tl Normaler_Text xr_s10\"> Matthias Schmidt<\/span> <span class=\"xr_tl Normaler_Text xr_s10\"> e-Mail: <a href=\"mailto:webmaster@halle-selk.de\" target=\"_self\" rel=\"noopener\">webmaster@halle-selk.de<\/a><\/span><\/p>\n<h2 class=\"xr_tl x--195-156berschrift_2 xr_s17\"><span class=\"x--195-156berschrift_2 xr_s13\">Fotonachweis<\/span><\/h2>\n<p><span class=\"xr_tl Normaler_Text xr_s10\">Die Fotos dieser Internetseiten wurden \u00fcberwiegend von Gemeindegliedern der <\/span> <span class=\"xr_tl Normaler_Text xr_s10\">Gemeinde Stankt Maria-Magdalena<br \/>\n<\/span><span class=\"xr_tl Normaler_Text xr_s10\">zur <\/span> <span class=\"xr_tl Normaler_Text xr_s10\">Verf\u00fcgung gestellt und unterliegen dem Schutz nach dem Urheberrecht.<\/span><\/p>\n<h2 class=\"xr_tl x--195-156berschrift_2 xr_s17\"><span class=\"x--195-156berschrift_2 xr_s13\">Keine Gew\u00e4hr f\u00fcr Inhalte<\/span><\/h2>\n<p><span class=\"xr_tl Normaler_Text xr_s10\">Alle in unseren Internet-Seiten enthaltenen Angaben und Informationen wurden <\/span> <span class=\"xr_tl Normaler_Text xr_s10\">sorgf\u00e4ltig recherchiert und gepr\u00fcft. F\u00fcr Richtigkeit, Vollst\u00e4ndigkeit und Aktualit\u00e4t <\/span> <span class=\"xr_tl Normaler_Text xr_s10\">kann die Gemeinde Sankt Maria-Magdalena jedoch keine Gew\u00e4hr \u00fcbernehmen. Dies <\/span> <span class=\"xr_tl Normaler_Text xr_s10\">gilt auch f\u00fcr Internet-Seiten anderer Anbieter, zu denen Sie \u00fcber einen Hyperlink <\/span> <span class=\"xr_tl Normaler_Text xr_s10\">gelangen. Trotz sorgf\u00e4ltiger inhaltlicher Kontrolle \u00fcbernehmen wir keine Haftung f\u00fcr <\/span> <span class=\"xr_tl Normaler_Text xr_s10\">die Inhalte externer Links. F\u00fcr den Inhalt der verlinkten Seiten sind ausschlie\u00dflich <\/span> <span class=\"xr_tl Normaler_Text xr_s10\">deren Betreiber verantwortlich. F\u00fcr den Inhalt dieser Seiten \u00fcbernimmt die <\/span> <span class=\"xr_tl Normaler_Text xr_s10\">Gemeinde Stankt Maria-Magdalena keine Verantwortung.<\/span><\/p>\n","protected":false},"excerpt":{"rendered":"<p>Die unter der Adresse www.halle-selk.de ver\u00f6ffentlichten Inhalte sowie die darauf umgeleiteten Adressen www.halle-selk.com, www.selk-halle.com und www.selk- halle.de werden herausgegeben in der Verantwortung des Pfarramtes und des Kirchenvorstandes der Kirchengemeinde Sankt Maria-Magdalena der Selbst\u00e4ndigen Evangelisch-lutherischen Kirche (SELK). Die Gemeinde ist eine K\u00f6rperschaft des \u00f6ffentlichen Rechtes. Postanschrift Gemeinde Sankt Maria-Magdalena der Selbst\u00e4ndigen Evangelisch-lutherischen Kirche (SELK) Advokatenweg 48 &#8230; <a title=\"Impressum\" class=\"read-more\" href=\"https:\/\/halle-selk.de\/?page_id=298\" aria-label=\"Read more about Impressum\">Weiterlesen<\/a><\/p>\n","protected":false},"author":1,"featured_media":0,"parent":0,"menu_order":0,"comment_status":"closed","ping_status":"closed","template":"","meta":{"_eb_attr":"","ngg_post_thumbnail":0,"_themeisle_gutenberg_block_has_review":false},"_links":{"self":[{"href":"https:\/\/halle-selk.de\/index.php?rest_route=\/wp\/v2\/pages\/298"}],"collection":[{"href":"https:\/\/halle-selk.de\/index.php?rest_route=\/wp\/v2\/pages"}],"about":[{"href":"https:\/\/halle-selk.de\/index.php?rest_route=\/wp\/v2\/types\/page"}],"author":[{"embeddable":true,"href":"https:\/\/halle-selk.de\/index.php?rest_route=\/wp\/v2\/users\/1"}],"replies":[{"embeddable":true,"href":"https:\/\/halle-selk.de\/index.php?rest_route=%2Fwp%2Fv2%2Fcomments&post=298"}],"version-history":[{"count":1,"href":"https:\/\/halle-selk.de\/index.php?rest_route=\/wp\/v2\/pages\/298\/revisions"}],"predecessor-version":[{"id":553,"href":"https:\/\/halle-selk.de\/index.php?rest_route=\/wp\/v2\/pages\/298\/revisions\/553"}],"wp:attachment":[{"href":"https:\/\/halle-selk.de\/index.php?rest_route=%2Fwp%2Fv2%2Fmedia&parent=298"}],"curies":[{"name":"wp","href":"https:\/\/api.w.org\/{rel}","templated":true}]}}