{"id":691,"date":"2023-03-19T14:48:31","date_gmt":"2023-03-19T14:48:31","guid":{"rendered":"https:\/\/halle-selk.de\/?page_id=691"},"modified":"2025-05-20T18:25:34","modified_gmt":"2025-05-20T18:25:34","slug":"predigten-nachlesen","status":"publish","type":"page","link":"https:\/\/halle-selk.de\/?page_id=691","title":{"rendered":"Predigten nachlesen"},"content":{"rendered":"\n<div class=\"is-layout-flex wp-container-4 wp-block-columns\">\n<div class=\"is-layout-flow wp-block-column\" style=\"flex-basis:25%\">\n<figure class=\"wp-block-image size-medium is-resized is-style-default\"><img decoding=\"async\" loading=\"lazy\" src=\"https:\/\/halle-selk.de\/wp-content\/uploads\/2023\/03\/pic_quad_Kanzel-289x300.jpg\" alt=\"\" class=\"wp-image-692\" width=\"250\" height=\"250\"\/><figcaption class=\"wp-element-caption\">Ort der Predigt:<br>Kanzel in der Magdalenenkapelle<\/figcaption><\/figure>\n<\/div>\n\n\n\n<div class=\"is-layout-flow wp-block-column\" style=\"flex-basis:60%\">\n<p><br>Sie hatten keine Gelegenheit den Gottesdienst zu besuchen und der Verk\u00fcndigung von Gottes Wort zuzuh\u00f6ren? Oder Sie m\u00f6chten das Geh\u00f6rte noch einmal nachvollziehen?<br>Hier stellen wir Ihnen einige Predigten der letzten Sonntage zum Nachlesen zur Verf\u00fcgung. <\/p>\n\n\n\n<p>Wenn Sie Fragen haben, wenden Sie sich bitte an das <a href=\"https:\/\/halle-selk.de\/?page_id=995\" data-type=\"page\" data-id=\"995\">Pfarramt<\/a>.<\/p>\n<\/div>\n\n\n\n<div class=\"is-layout-flow wp-block-column has-base-background-color has-background\" style=\"flex-basis:15%\">\n<p class=\"has-text-align-center\"><strong><mark style=\"background-color:rgba(0, 0, 0, 0)\" class=\"has-inline-color has-accent-color\"><span class=\"highlight\">Hinweis<\/span><\/mark><\/strong><br>Auf der Internetseite der SELK finden Sie <a rel=\"noreferrer noopener\" href=\"https:\/\/selk.de\/index.php\/predigten\" target=\"_blank\">Lesepredigten<\/a>. <br>Diese sind gedacht f\u00fcr Lektoren, die verantwortlich Gottesdienste gestalten. Daneben k\u00f6nnen sie aber auch der pers\u00f6nlichen Andacht dienen.<\/p>\n<\/div>\n<\/div>\n\n\n\n<p class=\"has-text-align-center has-text-color\" style=\"color:#b90032;letter-spacing:2px\"><strong>Leider k\u00f6nnen derzeit keine aktuellen Predigten bereitgestellt werden. <\/strong><\/p>\n\n\n\n<div id=\"wp-block-themeisle-blocks-accordion-b6f933ac\" data-has-schema=\"false\" class=\"wp-block-themeisle-blocks-accordion exclusive\">\n<details class=\"wp-block-themeisle-blocks-accordion-item\"><summary class=\"wp-block-themeisle-blocks-accordion-item__title\"><div><strong>17. M\u00e4rz 2024 &#8211; Judika<\/strong> <strong>&#8211; Mose 22,1-14<\/strong><\/div><\/summary><div class=\"wp-block-themeisle-blocks-accordion-item__content\">\n<div class=\"wp-block-file\"><object class=\"wp-block-file__embed\" data=\"https:\/\/halle-selk.de\/wp-content\/uploads\/2024\/03\/2024-03-17_Predigt_zu_1.Mose_22_1-14_Judika.pdf\" type=\"application\/pdf\" style=\"width:100%;height:600px\" aria-label=\"Einbettung von 2024-03-17_Predigt_zu_1.Mose_22_1-14_Judika.\"><\/object><a id=\"wp-block-file--media-1f00dad2-9110-4fdd-b6bd-cd819e720128\" href=\"https:\/\/halle-selk.de\/wp-content\/uploads\/2024\/03\/2024-03-17_Predigt_zu_1.Mose_22_1-14_Judika.pdf\" target=\"_blank\" rel=\"noreferrer noopener\">2024-03-17_Predigt_zu_1.Mose_22_1-14_Judika<\/a><a href=\"https:\/\/halle-selk.de\/wp-content\/uploads\/2024\/03\/2024-03-17_Predigt_zu_1.Mose_22_1-14_Judika.pdf\" class=\"wp-block-file__button wp-element-button\" download aria-describedby=\"wp-block-file--media-1f00dad2-9110-4fdd-b6bd-cd819e720128\">Download<\/a><\/div>\n<\/div><\/details>\n\n\n\n<details class=\"wp-block-themeisle-blocks-accordion-item\"><summary class=\"wp-block-themeisle-blocks-accordion-item__title\"><div><strong>10. M\u00e4rz 2024 &#8211; L\u00e4tare &#8211; Lk 22,54-62<\/strong><\/div><\/summary><div class=\"wp-block-themeisle-blocks-accordion-item__content\">\n<div class=\"wp-block-file\"><object class=\"wp-block-file__embed\" data=\"https:\/\/halle-selk.de\/wp-content\/uploads\/2024\/03\/2024-03-10_Predigt_zu_Lk_22_54-62_Laetare-1.pdf\" type=\"application\/pdf\" style=\"width:100%;height:600px\" aria-label=\"Einbettung von 2024-03-10_Predigt_zu_Lk_22_54-62_Laetare-1.\"><\/object><a id=\"wp-block-file--media-1f00dad2-9110-4fdd-b6bd-cd819e720128\" href=\"https:\/\/halle-selk.de\/wp-content\/uploads\/2024\/03\/2024-03-10_Predigt_zu_Lk_22_54-62_Laetare-1.pdf\" target=\"_blank\" rel=\"noreferrer noopener\">2024-03-10_Predigt_zu_Lk_22_54-62_Laetare-1<\/a><a href=\"https:\/\/halle-selk.de\/wp-content\/uploads\/2024\/03\/2024-03-10_Predigt_zu_Lk_22_54-62_Laetare-1.pdf\" class=\"wp-block-file__button wp-element-button\" download aria-describedby=\"wp-block-file--media-1f00dad2-9110-4fdd-b6bd-cd819e720128\">Download<\/a><\/div>\n<\/div><\/details>\n\n\n\n<details class=\"wp-block-themeisle-blocks-accordion-item\"><summary class=\"wp-block-themeisle-blocks-accordion-item__title\"><div><strong>3. M\u00e4rz 2024 &#8211; Okuli &#8211; 1. Petr 1,18-21<\/strong><\/div><\/summary><div class=\"wp-block-themeisle-blocks-accordion-item__content\">\n<div class=\"wp-block-file\"><object class=\"wp-block-file__embed\" data=\"https:\/\/halle-selk.de\/wp-content\/uploads\/2024\/03\/2024-03-03_Predigt_zu_1.Petr_1_18-21_Okuli.pdf\" type=\"application\/pdf\" style=\"width:100%;height:600px\" aria-label=\"Einbettung von 2024-03-03_Predigt_zu_1.Petr_1_18-21_Okuli.\"><\/object><a id=\"wp-block-file--media-1f00dad2-9110-4fdd-b6bd-cd819e720128\" href=\"https:\/\/halle-selk.de\/wp-content\/uploads\/2024\/03\/2024-03-03_Predigt_zu_1.Petr_1_18-21_Okuli.pdf\" target=\"_blank\" rel=\"noreferrer noopener\">2024-03-03_Predigt_zu_1.Petr_1_18-21_Okuli<\/a><a href=\"https:\/\/halle-selk.de\/wp-content\/uploads\/2024\/03\/2024-03-03_Predigt_zu_1.Petr_1_18-21_Okuli.pdf\" class=\"wp-block-file__button wp-element-button\" download aria-describedby=\"wp-block-file--media-1f00dad2-9110-4fdd-b6bd-cd819e720128\">Download<\/a><\/div>\n<\/div><\/details>\n\n\n\n<details class=\"wp-block-themeisle-blocks-accordion-item\"><summary class=\"wp-block-themeisle-blocks-accordion-item__title\"><div><strong>25. Februar 2024 &#8211; Reminiszere &#8211; Mose 21,4-9<\/strong><\/div><\/summary><div class=\"wp-block-themeisle-blocks-accordion-item__content\">\n<div class=\"wp-block-file\"><object class=\"wp-block-file__embed\" data=\"https:\/\/halle-selk.de\/wp-content\/uploads\/2024\/02\/2024-02-25_Predigt_zu-4.Mose_21_4-9_Reminiszere.pdf\" type=\"application\/pdf\" style=\"width:100%;height:600px\" aria-label=\"Einbettung von 2024-02-25_Predigt_zu 4.Mose_21_4-9_Reminiszere.\"><\/object><a id=\"wp-block-file--media-1f00dad2-9110-4fdd-b6bd-cd819e720128\" href=\"https:\/\/halle-selk.de\/wp-content\/uploads\/2024\/02\/2024-02-25_Predigt_zu-4.Mose_21_4-9_Reminiszere.pdf\" target=\"_blank\" rel=\"noreferrer noopener\">2024-02-25_Predigt_zu 4.Mose_21_4-9_Reminiszere<\/a><a href=\"https:\/\/halle-selk.de\/wp-content\/uploads\/2024\/02\/2024-02-25_Predigt_zu-4.Mose_21_4-9_Reminiszere.pdf\" class=\"wp-block-file__button wp-element-button\" download aria-describedby=\"wp-block-file--media-1f00dad2-9110-4fdd-b6bd-cd819e720128\">Download<\/a><\/div>\n<\/div><\/details>\n\n\n\n<details class=\"wp-block-themeisle-blocks-accordion-item\"><summary class=\"wp-block-themeisle-blocks-accordion-item__title\"><div><strong>18. Februar 2024 &#8211; Invokavit &#8211; Mt 4,1-11<\/strong><\/div><\/summary><div class=\"wp-block-themeisle-blocks-accordion-item__content\">\n<div class=\"wp-block-file\"><object class=\"wp-block-file__embed\" data=\"https:\/\/halle-selk.de\/wp-content\/uploads\/2024\/02\/2024-02-18_Predigt_zu_Mt_4_1-11_Invokavit.pdf\" type=\"application\/pdf\" style=\"width:100%;height:600px\" aria-label=\"Einbettung von 2024-02-18_Predigt_zu_Mt_4_1-11_Invokavit.\"><\/object><a id=\"wp-block-file--media-1f00dad2-9110-4fdd-b6bd-cd819e720128\" href=\"https:\/\/halle-selk.de\/wp-content\/uploads\/2024\/02\/2024-02-18_Predigt_zu_Mt_4_1-11_Invokavit.pdf\" target=\"_blank\" rel=\"noreferrer noopener\">2024-02-18_Predigt_zu_Mt_4_1-11_Invokavit<\/a><a href=\"https:\/\/halle-selk.de\/wp-content\/uploads\/2024\/02\/2024-02-18_Predigt_zu_Mt_4_1-11_Invokavit.pdf\" class=\"wp-block-file__button wp-element-button\" download aria-describedby=\"wp-block-file--media-1f00dad2-9110-4fdd-b6bd-cd819e720128\">Download<\/a><\/div>\n<\/div><\/details>\n\n\n\n<details class=\"wp-block-themeisle-blocks-accordion-item\"><summary class=\"wp-block-themeisle-blocks-accordion-item__title\"><div><strong>14. Februar 2024 &#8211; Aschermittwoch &#8211; Joel 2,12-19<\/strong><\/div><\/summary><div class=\"wp-block-themeisle-blocks-accordion-item__content\">\n<div class=\"wp-block-file\"><object class=\"wp-block-file__embed\" data=\"https:\/\/halle-selk.de\/wp-content\/uploads\/2024\/02\/2024-02-14_Predigt_zu_Joel_2_12-19_Aschermittwoch.pdf\" type=\"application\/pdf\" style=\"width:100%;height:600px\" aria-label=\"Einbettung von 2024-02-14_Predigt_zu_Joel_2_12-19_Aschermittwoch.\"><\/object><a id=\"wp-block-file--media-1f00dad2-9110-4fdd-b6bd-cd819e720128\" href=\"https:\/\/halle-selk.de\/wp-content\/uploads\/2024\/02\/2024-02-14_Predigt_zu_Joel_2_12-19_Aschermittwoch.pdf\" target=\"_blank\" rel=\"noreferrer noopener\">2024-02-14_Predigt_zu_Joel_2_12-19_Aschermittwoch<\/a><a href=\"https:\/\/halle-selk.de\/wp-content\/uploads\/2024\/02\/2024-02-14_Predigt_zu_Joel_2_12-19_Aschermittwoch.pdf\" class=\"wp-block-file__button wp-element-button\" download aria-describedby=\"wp-block-file--media-1f00dad2-9110-4fdd-b6bd-cd819e720128\">Download<\/a><\/div>\n<\/div><\/details>\n\n\n\n<details class=\"wp-block-themeisle-blocks-accordion-item\"><summary class=\"wp-block-themeisle-blocks-accordion-item__title\"><div><strong>11. Februar 2024 &#8211; Estomihi &#8211; Am 5,21-24<\/strong><\/div><\/summary><div class=\"wp-block-themeisle-blocks-accordion-item__content\">\n<div class=\"wp-block-file\"><object class=\"wp-block-file__embed\" data=\"https:\/\/halle-selk.de\/wp-content\/uploads\/2024\/02\/2024-02-11_Predigt_zu_Am_5_21-24_Estomihi.pdf\" type=\"application\/pdf\" style=\"width:100%;height:600px\" aria-label=\"Einbettung von 2024-02-11_Predigt_zu_Am_5_21-24_Estomihi.\"><\/object><a id=\"wp-block-file--media-1f00dad2-9110-4fdd-b6bd-cd819e720128\" href=\"https:\/\/halle-selk.de\/wp-content\/uploads\/2024\/02\/2024-02-11_Predigt_zu_Am_5_21-24_Estomihi.pdf\" target=\"_blank\" rel=\"noreferrer noopener\">2024-02-11_Predigt_zu_Am_5_21-24_Estomihi<\/a><a href=\"https:\/\/halle-selk.de\/wp-content\/uploads\/2024\/02\/2024-02-11_Predigt_zu_Am_5_21-24_Estomihi.pdf\" class=\"wp-block-file__button wp-element-button\" download aria-describedby=\"wp-block-file--media-1f00dad2-9110-4fdd-b6bd-cd819e720128\">Download<\/a><\/div>\n<\/div><\/details>\n\n\n\n<details class=\"wp-block-themeisle-blocks-accordion-item\"><summary class=\"wp-block-themeisle-blocks-accordion-item__title\"><div><strong>4. Februar 2024 &#8211; Sexagesimae &#8211; Mk 4,26-29<\/strong><\/div><\/summary><div class=\"wp-block-themeisle-blocks-accordion-item__content\">\n<div class=\"wp-block-file\"><object class=\"wp-block-file__embed\" data=\"https:\/\/halle-selk.de\/wp-content\/uploads\/2024\/02\/2024-02-04_Predigt_zu_Mk_4_26-29_Sexagesimae.pdf\" type=\"application\/pdf\" style=\"width:100%;height:600px\" aria-label=\"Einbettung von 2024-02-04_Predigt_zu_Mk_4_26-29_Sexagesimae.\"><\/object><a id=\"wp-block-file--media-1f00dad2-9110-4fdd-b6bd-cd819e720128\" href=\"https:\/\/halle-selk.de\/wp-content\/uploads\/2024\/02\/2024-02-04_Predigt_zu_Mk_4_26-29_Sexagesimae.pdf\" target=\"_blank\" rel=\"noreferrer noopener\">2024-02-04_Predigt_zu_Mk_4_26-29_Sexagesimae<\/a><a href=\"https:\/\/halle-selk.de\/wp-content\/uploads\/2024\/02\/2024-02-04_Predigt_zu_Mk_4_26-29_Sexagesimae.pdf\" class=\"wp-block-file__button wp-element-button\" download aria-describedby=\"wp-block-file--media-1f00dad2-9110-4fdd-b6bd-cd819e720128\">Download<\/a><\/div>\n<\/div><\/details>\n\n\n\n<details class=\"wp-block-themeisle-blocks-accordion-item\"><summary class=\"wp-block-themeisle-blocks-accordion-item__title\"><div><strong>28. Januar 2024 &#8211; Letzter Sonntag nach Epiphanias &#8211; 2. Kor 4,5-12<\/strong><\/div><\/summary><div class=\"wp-block-themeisle-blocks-accordion-item__content\">\n<div class=\"wp-block-file\"><object class=\"wp-block-file__embed\" data=\"https:\/\/halle-selk.de\/wp-content\/uploads\/2024\/01\/2024-01-28_Predigt_zu_2.Kor_4_5-12_LetzterSo.n.Epiphanias.pdf\" type=\"application\/pdf\" style=\"width:100%;height:600px\" aria-label=\"Einbettung von 2024-01-28_Predigt_zu_2.Kor_4_5-12_LetzterSo.n.Epiphanias.\"><\/object><a id=\"wp-block-file--media-1f00dad2-9110-4fdd-b6bd-cd819e720128\" href=\"https:\/\/halle-selk.de\/wp-content\/uploads\/2024\/01\/2024-01-28_Predigt_zu_2.Kor_4_5-12_LetzterSo.n.Epiphanias.pdf\" target=\"_blank\" rel=\"noreferrer noopener\">2024-01-28_Predigt_zu_2.Kor_4_5-12_LetzterSo.n.Epiphanias<\/a><a href=\"https:\/\/halle-selk.de\/wp-content\/uploads\/2024\/01\/2024-01-28_Predigt_zu_2.Kor_4_5-12_LetzterSo.n.Epiphanias.pdf\" class=\"wp-block-file__button wp-element-button\" download aria-describedby=\"wp-block-file--media-1f00dad2-9110-4fdd-b6bd-cd819e720128\">Download<\/a><\/div>\n<\/div><\/details>\n\n\n\n<details class=\"wp-block-themeisle-blocks-accordion-item\"><summary class=\"wp-block-themeisle-blocks-accordion-item__title\"><div><strong>21. Januar 2024 &#8211; 3. Sonntag nach Epiphanias &#8211; Jes 45,22-25<\/strong><\/div><\/summary><div class=\"wp-block-themeisle-blocks-accordion-item__content\">\n<div class=\"wp-block-file\"><object class=\"wp-block-file__embed\" data=\"https:\/\/halle-selk.de\/wp-content\/uploads\/2024\/01\/2024-01-21_Predigt_zu_Jes_45_22-25_3.So_.n.Epiphanias.pdf\" type=\"application\/pdf\" style=\"width:100%;height:600px\" aria-label=\"Einbettung von 2024-01-21_Predigt_zu_Jes_45_22-25_3.So_.n.Epiphanias.\"><\/object><a id=\"wp-block-file--media-1f00dad2-9110-4fdd-b6bd-cd819e720128\" href=\"https:\/\/halle-selk.de\/wp-content\/uploads\/2024\/01\/2024-01-21_Predigt_zu_Jes_45_22-25_3.So_.n.Epiphanias.pdf\" target=\"_blank\" rel=\"noreferrer noopener\">2024-01-21_Predigt_zu_Jes_45_22-25_3.So_.n.Epiphanias<\/a><a href=\"https:\/\/halle-selk.de\/wp-content\/uploads\/2024\/01\/2024-01-21_Predigt_zu_Jes_45_22-25_3.So_.n.Epiphanias.pdf\" class=\"wp-block-file__button wp-element-button\" download aria-describedby=\"wp-block-file--media-1f00dad2-9110-4fdd-b6bd-cd819e720128\">Download<\/a><\/div>\n<\/div><\/details>\n\n\n\n<details class=\"wp-block-themeisle-blocks-accordion-item\"><summary class=\"wp-block-themeisle-blocks-accordion-item__title\"><div><strong>14. Januar 2024 &#8211; 2. Sonntag nach Epiphanias &#8211; Joh 2,1-11<\/strong><\/div><\/summary><div class=\"wp-block-themeisle-blocks-accordion-item__content\">\n<div class=\"wp-block-file\"><object class=\"wp-block-file__embed\" data=\"https:\/\/halle-selk.de\/wp-content\/uploads\/2024\/01\/2024-01-14_Predigt_zu_Joh_2_1-11_2.So_.n.Epiphanias.pdf\" type=\"application\/pdf\" style=\"width:100%;height:600px\" aria-label=\"Einbettung von 2024-01-14_Predigt_zu_Joh_2_1-11_2.So_.n.Epiphanias.\"><\/object><a id=\"wp-block-file--media-1f00dad2-9110-4fdd-b6bd-cd819e720128\" href=\"https:\/\/halle-selk.de\/wp-content\/uploads\/2024\/01\/2024-01-14_Predigt_zu_Joh_2_1-11_2.So_.n.Epiphanias.pdf\" target=\"_blank\" rel=\"noreferrer noopener\">2024-01-14_Predigt_zu_Joh_2_1-11_2.So_.n.Epiphanias<\/a><a href=\"https:\/\/halle-selk.de\/wp-content\/uploads\/2024\/01\/2024-01-14_Predigt_zu_Joh_2_1-11_2.So_.n.Epiphanias.pdf\" class=\"wp-block-file__button wp-element-button\" download aria-describedby=\"wp-block-file--media-1f00dad2-9110-4fdd-b6bd-cd819e720128\">Download<\/a><\/div>\n<\/div><\/details>\n\n\n\n<details class=\"wp-block-themeisle-blocks-accordion-item\"><summary class=\"wp-block-themeisle-blocks-accordion-item__title\"><div><strong>10. Dezember 2023 &#8211; 2. Sonntag im Advent<\/strong> <strong>&#8211; Offb 3,7-13<\/strong><\/div><\/summary><div class=\"wp-block-themeisle-blocks-accordion-item__content\">\n<div class=\"wp-block-file\"><object class=\"wp-block-file__embed\" data=\"https:\/\/halle-selk.de\/wp-content\/uploads\/2023\/12\/2023-12-10_Predigt_zu_Offb_3_7-13_2.Advent.pdf\" type=\"application\/pdf\" style=\"width:100%;height:600px\" aria-label=\"Einbettung von 2023-12-10_Predigt_zu_Offb_3_7-13_2.Advent.\"><\/object><a id=\"wp-block-file--media-1f00dad2-9110-4fdd-b6bd-cd819e720128\" href=\"https:\/\/halle-selk.de\/wp-content\/uploads\/2023\/12\/2023-12-10_Predigt_zu_Offb_3_7-13_2.Advent.pdf\" target=\"_blank\" rel=\"noreferrer noopener\">2023-12-10_Predigt_zu_Offb_3_7-13_2.Advent<\/a><a href=\"https:\/\/halle-selk.de\/wp-content\/uploads\/2023\/12\/2023-12-10_Predigt_zu_Offb_3_7-13_2.Advent.pdf\" class=\"wp-block-file__button wp-element-button\" download aria-describedby=\"wp-block-file--media-1f00dad2-9110-4fdd-b6bd-cd819e720128\">Download<\/a><\/div>\n<\/div><\/details>\n\n\n\n<details class=\"wp-block-themeisle-blocks-accordion-item\"><summary class=\"wp-block-themeisle-blocks-accordion-item__title\"><div><strong>3. Dezember 2023 &#8211; 1. Sonntag im Advent<\/strong> <strong>&#8211; Ps 24,3-6<\/strong><\/div><\/summary><div class=\"wp-block-themeisle-blocks-accordion-item__content\">\n<div class=\"wp-block-file\"><object class=\"wp-block-file__embed\" data=\"https:\/\/halle-selk.de\/wp-content\/uploads\/2023\/12\/2023-12-03_Predigt_zu_Ps_24_3-6_1.Advent.pdf\" type=\"application\/pdf\" style=\"width:100%;height:600px\" aria-label=\"Einbettung von 2023-12-03_Predigt_zu_Ps_24_3-6_1.Advent.\"><\/object><a id=\"wp-block-file--media-1f00dad2-9110-4fdd-b6bd-cd819e720128\" href=\"https:\/\/halle-selk.de\/wp-content\/uploads\/2023\/12\/2023-12-03_Predigt_zu_Ps_24_3-6_1.Advent.pdf\" target=\"_blank\" rel=\"noreferrer noopener\">2023-12-03_Predigt_zu_Ps_24_3-6_1.Advent<\/a><a href=\"https:\/\/halle-selk.de\/wp-content\/uploads\/2023\/12\/2023-12-03_Predigt_zu_Ps_24_3-6_1.Advent.pdf\" class=\"wp-block-file__button wp-element-button\" download aria-describedby=\"wp-block-file--media-1f00dad2-9110-4fdd-b6bd-cd819e720128\">Download<\/a><\/div>\n<\/div><\/details>\n\n\n\n<details class=\"wp-block-themeisle-blocks-accordion-item\"><summary class=\"wp-block-themeisle-blocks-accordion-item__title\"><div><strong>26. November 2023 &#8211; Ewigkeitssonntag<\/strong> <strong>&#8211; 2. Petr 3,8-13<\/strong><\/div><\/summary><div class=\"wp-block-themeisle-blocks-accordion-item__content\">\n<div class=\"wp-block-file\"><object class=\"wp-block-file__embed\" data=\"https:\/\/halle-selk.de\/wp-content\/uploads\/2023\/12\/2023-11-26_Predigt_zu_2.Petr_3_8-13_Ewigkeitssonntag.pdf\" type=\"application\/pdf\" style=\"width:100%;height:600px\" aria-label=\"Einbettung von 2023-11-26_Predigt_zu_2.Petr_3_8-13_Ewigkeitssonntag.\"><\/object><a id=\"wp-block-file--media-1f00dad2-9110-4fdd-b6bd-cd819e720128\" href=\"https:\/\/halle-selk.de\/wp-content\/uploads\/2023\/12\/2023-11-26_Predigt_zu_2.Petr_3_8-13_Ewigkeitssonntag.pdf\" target=\"_blank\" rel=\"noreferrer noopener\">2023-11-26_Predigt_zu_2.Petr_3_8-13_Ewigkeitssonntag<\/a><a href=\"https:\/\/halle-selk.de\/wp-content\/uploads\/2023\/12\/2023-11-26_Predigt_zu_2.Petr_3_8-13_Ewigkeitssonntag.pdf\" class=\"wp-block-file__button wp-element-button\" download aria-describedby=\"wp-block-file--media-1f00dad2-9110-4fdd-b6bd-cd819e720128\">Download<\/a><\/div>\n<\/div><\/details>\n\n\n\n<details class=\"wp-block-themeisle-blocks-accordion-item\"><summary class=\"wp-block-themeisle-blocks-accordion-item__title\"><div><strong>22. November 2023 &#8211; Bu\u00df- und Bettag<\/strong> <strong>&#8211; Lk 13,1-9<\/strong><\/div><\/summary><div class=\"wp-block-themeisle-blocks-accordion-item__content\">\n<div class=\"wp-block-file\"><object class=\"wp-block-file__embed\" data=\"https:\/\/halle-selk.de\/wp-content\/uploads\/2023\/12\/2023-11-22_Predigt_zu_Lk_13_1-9_Buss-uBettag.pdf\" type=\"application\/pdf\" style=\"width:100%;height:600px\" aria-label=\"Einbettung von 2023-11-22_Predigt_zu_Lk_13_1-9_Buss-uBettag.\"><\/object><a id=\"wp-block-file--media-1f00dad2-9110-4fdd-b6bd-cd819e720128\" href=\"https:\/\/halle-selk.de\/wp-content\/uploads\/2023\/12\/2023-11-22_Predigt_zu_Lk_13_1-9_Buss-uBettag.pdf\" target=\"_blank\" rel=\"noreferrer noopener\">2023-11-22_Predigt_zu_Lk_13_1-9_Buss-uBettag<\/a><a href=\"https:\/\/halle-selk.de\/wp-content\/uploads\/2023\/12\/2023-11-22_Predigt_zu_Lk_13_1-9_Buss-uBettag.pdf\" class=\"wp-block-file__button wp-element-button\" download aria-describedby=\"wp-block-file--media-1f00dad2-9110-4fdd-b6bd-cd819e720128\">Download<\/a><\/div>\n<\/div><\/details>\n\n\n\n<details class=\"wp-block-themeisle-blocks-accordion-item\"><summary class=\"wp-block-themeisle-blocks-accordion-item__title\"><div><strong>19. November 2023 &#8211; Vorletzter <strong>Sonntag im Kirchenjahr<\/strong><\/strong> <strong>&#8211; Mt 25,31-46<\/strong><\/div><\/summary><div class=\"wp-block-themeisle-blocks-accordion-item__content\">\n<div class=\"wp-block-file\"><object class=\"wp-block-file__embed\" data=\"https:\/\/halle-selk.de\/wp-content\/uploads\/2023\/11\/2023-11-19_Predigt_zu_Mt-25_31-46_VorletzterSo.i.Kirchenjahr.pdf\" type=\"application\/pdf\" style=\"width:100%;height:600px\" aria-label=\"Einbettung von 2023-11-19_Predigt_zu_Mt-25_31-46_VorletzterSo.i.Kirchenjahr.\"><\/object><a id=\"wp-block-file--media-1f00dad2-9110-4fdd-b6bd-cd819e720128\" href=\"https:\/\/halle-selk.de\/wp-content\/uploads\/2023\/11\/2023-11-19_Predigt_zu_Mt-25_31-46_VorletzterSo.i.Kirchenjahr.pdf\" target=\"_blank\" rel=\"noreferrer noopener\">2023-11-19_Predigt_zu_Mt-25_31-46_VorletzterSo.i.Kirchenjahr<\/a><a href=\"https:\/\/halle-selk.de\/wp-content\/uploads\/2023\/11\/2023-11-19_Predigt_zu_Mt-25_31-46_VorletzterSo.i.Kirchenjahr.pdf\" class=\"wp-block-file__button wp-element-button\" download aria-describedby=\"wp-block-file--media-1f00dad2-9110-4fdd-b6bd-cd819e720128\">Download<\/a><\/div>\n<\/div><\/details>\n\n\n\n<details class=\"wp-block-themeisle-blocks-accordion-item\"><summary class=\"wp-block-themeisle-blocks-accordion-item__title\"><div><strong>12. November 2023 &#8211; Drittletzter <strong>Sonntag im Kirchenjahr<\/strong><\/strong> <strong>&#8211; R\u00f6m 8,18-25<\/strong><\/div><\/summary><div class=\"wp-block-themeisle-blocks-accordion-item__content\">\n<div class=\"wp-block-file\"><object class=\"wp-block-file__embed\" data=\"https:\/\/halle-selk.de\/wp-content\/uploads\/2023\/11\/2023-11-12_Predigt_zu_Roem_8_18-25_DrittletzerSo.i.Kirchenjahr.pdf\" type=\"application\/pdf\" style=\"width:100%;height:600px\" aria-label=\"Einbettung von 2023-11-12_Predigt_zu_Roem_8_18-25_DrittletzerSo.i.Kirchenjahr.\"><\/object><a id=\"wp-block-file--media-1f00dad2-9110-4fdd-b6bd-cd819e720128\" href=\"https:\/\/halle-selk.de\/wp-content\/uploads\/2023\/11\/2023-11-12_Predigt_zu_Roem_8_18-25_DrittletzerSo.i.Kirchenjahr.pdf\" target=\"_blank\" rel=\"noreferrer noopener\">2023-11-12_Predigt_zu_Roem_8_18-25_DrittletzerSo.i.Kirchenjahr<\/a><a href=\"https:\/\/halle-selk.de\/wp-content\/uploads\/2023\/11\/2023-11-12_Predigt_zu_Roem_8_18-25_DrittletzerSo.i.Kirchenjahr.pdf\" class=\"wp-block-file__button wp-element-button\" download aria-describedby=\"wp-block-file--media-1f00dad2-9110-4fdd-b6bd-cd819e720128\">Download<\/a><\/div>\n<\/div><\/details>\n\n\n\n<details class=\"wp-block-themeisle-blocks-accordion-item\"><summary class=\"wp-block-themeisle-blocks-accordion-item__title\"><div><strong>05. November 2023 &#8211; 22. <strong>Sonntag nach Trinitatis<\/strong><\/strong> <strong>&#8211; Mt 18,21-35<\/strong><\/div><\/summary><div class=\"wp-block-themeisle-blocks-accordion-item__content\">\n<div class=\"wp-block-file\"><object class=\"wp-block-file__embed\" data=\"https:\/\/halle-selk.de\/wp-content\/uploads\/2023\/11\/2023-11-05_Predigt_zu_Mt_18_21-35_22.So_.n.Trinitatis.pdf\" type=\"application\/pdf\" style=\"width:100%;height:600px\" aria-label=\"Einbettung von 2023-11-05_Predigt_zu_Mt_18_21-35_22.So_.n.Trinitatis.\"><\/object><a id=\"wp-block-file--media-1f00dad2-9110-4fdd-b6bd-cd819e720128\" href=\"https:\/\/halle-selk.de\/wp-content\/uploads\/2023\/11\/2023-11-05_Predigt_zu_Mt_18_21-35_22.So_.n.Trinitatis.pdf\" target=\"_blank\" rel=\"noreferrer noopener\">2023-11-05_Predigt_zu_Mt_18_21-35_22.So_.n.Trinitatis<\/a><a href=\"https:\/\/halle-selk.de\/wp-content\/uploads\/2023\/11\/2023-11-05_Predigt_zu_Mt_18_21-35_22.So_.n.Trinitatis.pdf\" class=\"wp-block-file__button wp-element-button\" download aria-describedby=\"wp-block-file--media-1f00dad2-9110-4fdd-b6bd-cd819e720128\">Download<\/a><\/div>\n<\/div><\/details>\n<\/div>\n","protected":false},"excerpt":{"rendered":"<p>Sie hatten keine Gelegenheit den Gottesdienst zu besuchen und der Verk\u00fcndigung von Gottes Wort zuzuh\u00f6ren? Oder Sie m\u00f6chten das Geh\u00f6rte noch einmal nachvollziehen?Hier stellen wir Ihnen einige Predigten der letzten Sonntage zum Nachlesen zur Verf\u00fcgung. Wenn Sie Fragen haben, wenden Sie sich bitte an das Pfarramt. HinweisAuf der Internetseite der SELK finden Sie Lesepredigten. Diese &#8230; <a title=\"Predigten nachlesen\" class=\"read-more\" href=\"https:\/\/halle-selk.de\/?page_id=691\" aria-label=\"Read more about Predigten nachlesen\">Weiterlesen<\/a><\/p>\n","protected":false},"author":1,"featured_media":0,"parent":0,"menu_order":0,"comment_status":"closed","ping_status":"closed","template":"","meta":{"_eb_attr":"","ngg_post_thumbnail":0,"_themeisle_gutenberg_block_has_review":false},"_links":{"self":[{"href":"https:\/\/halle-selk.de\/index.php?rest_route=\/wp\/v2\/pages\/691"}],"collection":[{"href":"https:\/\/halle-selk.de\/index.php?rest_route=\/wp\/v2\/pages"}],"about":[{"href":"https:\/\/halle-selk.de\/index.php?rest_route=\/wp\/v2\/types\/page"}],"author":[{"embeddable":true,"href":"https:\/\/halle-selk.de\/index.php?rest_route=\/wp\/v2\/users\/1"}],"replies":[{"embeddable":true,"href":"https:\/\/halle-selk.de\/index.php?rest_route=%2Fwp%2Fv2%2Fcomments&post=691"}],"version-history":[{"count":104,"href":"https:\/\/halle-selk.de\/index.php?rest_route=\/wp\/v2\/pages\/691\/revisions"}],"predecessor-version":[{"id":2596,"href":"https:\/\/halle-selk.de\/index.php?rest_route=\/wp\/v2\/pages\/691\/revisions\/2596"}],"wp:attachment":[{"href":"https:\/\/halle-selk.de\/index.php?rest_route=%2Fwp%2Fv2%2Fmedia&parent=691"}],"curies":[{"name":"wp","href":"https:\/\/api.w.org\/{rel}","templated":true}]}}