{"id":890,"date":"2023-04-17T20:41:45","date_gmt":"2023-04-17T20:41:45","guid":{"rendered":"https:\/\/halle-selk.de\/?page_id=890"},"modified":"2023-06-26T16:04:41","modified_gmt":"2023-06-26T16:04:41","slug":"orte","status":"publish","type":"page","link":"https:\/\/halle-selk.de\/?page_id=890","title":{"rendered":"Orte"},"content":{"rendered":"\n<h3 id=\"OrtGemeindehausPfarramtHalle\">Gemeindehaus und Pfarramt Halle<\/h3>\n\n\n\n<div class=\"is-layout-flex wp-container-3 wp-block-columns\">\n<div class=\"is-layout-flow wp-block-column\" style=\"flex-basis:33.33%\"><div class=\"wp-block-image\">\n<figure class=\"aligncenter size-large is-resized\"><img decoding=\"async\" loading=\"lazy\" src=\"https:\/\/halle-selk.de\/wp-content\/uploads\/2023\/04\/pic_Gemeindehaus-682x1024.jpg\" alt=\"\" class=\"wp-image-892\" width=\"341\" height=\"512\" srcset=\"https:\/\/halle-selk.de\/wp-content\/uploads\/2023\/04\/pic_Gemeindehaus-682x1024.jpg 682w, https:\/\/halle-selk.de\/wp-content\/uploads\/2023\/04\/pic_Gemeindehaus-200x300.jpg 200w, https:\/\/halle-selk.de\/wp-content\/uploads\/2023\/04\/pic_Gemeindehaus-768x1152.jpg 768w, https:\/\/halle-selk.de\/wp-content\/uploads\/2023\/04\/pic_Gemeindehaus-1024x1536.jpg 1024w, https:\/\/halle-selk.de\/wp-content\/uploads\/2023\/04\/pic_Gemeindehaus.jpg 1333w\" sizes=\"(max-width: 341px) 100vw, 341px\" \/><figcaption class=\"wp-element-caption\">Gemeindehaus Halle<\/figcaption><\/figure><\/div><\/div>\n\n\n\n<div class=\"is-layout-flow wp-block-column is-vertically-aligned-top\" style=\"flex-basis:66.66%\">\n<p>Anschrift:<br>Advokatenweg 48, 06114 Halle (Saale)<br><br>Lage: M\u00fchlwegviertel, Ecke M\u00fchlweg \/ Advokatenweg;<br>gegen\u00fcber Diakoniekrankenhaus<\/p>\n\n\n\n<p>mit der Stra\u00dfenbahn:<br>vom Markt mit Linie 8 Richtung Trotha bis Haltestelle M\u00fchlweg oder Diakoniewerk<\/p>\n\n\n<div style=\"height:300pxpx;\" class=\"wp-block-themeisle-blocks-leaflet-map\" id=\"wp-block-themeisle-blocks-leaflet-map-1f600f3c\"><\/div>\n<script type=\"text\/javascript\">\n\t\/* <![CDATA[ *\/\n\t\tif ( ! window.themeisleLeafletMaps ) window.themeisleLeafletMaps =[];\n\t\twindow.themeisleLeafletMaps.push( { container: \"wp-block-themeisle-blocks-leaflet-map-1f600f3c\", attributes: {\"id\":\"wp-block-themeisle-blocks-leaflet-map-1f600f3c\",\"location\":\"Halle, Advokatenweg 48\",\"latitude\":\"51.49398262522629\",\"longitude\":\"11.9611394405365\",\"bbox\":\"11.95763111114502,51.49197865939948,11.964647769927979,51.49598650296033\",\"zoom\":16,\"height\":\"300px\",\"markers\":[{\"id\":\"724a92db-3130-4f0d-8e1e-20dea081f6bf\",\"latitude\":51.4937488337524,\"longitude\":11.961088478565218,\"title\":\"Gemeindehaus\",\"description\":\"\"}],\"zoomControl\":true,\"draggable\":true,\"hasCustomCSS\":false,\"customCSS\":\"\",\"otterConditions\":[]} } );\n\t\/* ]]> *\/\n<\/script>\n<\/div>\n<\/div>\n\n\n\n<h3 id=\"OrtMagdalenenkapelleHalle\">Magdalenenkapelle Halle<\/h3>\n\n\n\n<div class=\"is-layout-flex wp-container-6 wp-block-columns\">\n<div class=\"is-layout-flow wp-block-column\" style=\"flex-basis:33.33%\"><div class=\"wp-block-image\">\n<figure class=\"aligncenter size-large is-resized\"><img decoding=\"async\" loading=\"lazy\" src=\"https:\/\/halle-selk.de\/wp-content\/uploads\/2023\/04\/pic_Magdalenenkapelle_aussenChor-682x1024.jpg\" alt=\"\" class=\"wp-image-896\" width=\"341\" height=\"512\" srcset=\"https:\/\/halle-selk.de\/wp-content\/uploads\/2023\/04\/pic_Magdalenenkapelle_aussenChor-682x1024.jpg 682w, https:\/\/halle-selk.de\/wp-content\/uploads\/2023\/04\/pic_Magdalenenkapelle_aussenChor-200x300.jpg 200w, https:\/\/halle-selk.de\/wp-content\/uploads\/2023\/04\/pic_Magdalenenkapelle_aussenChor-768x1152.jpg 768w, https:\/\/halle-selk.de\/wp-content\/uploads\/2023\/04\/pic_Magdalenenkapelle_aussenChor-1024x1536.jpg 1024w, https:\/\/halle-selk.de\/wp-content\/uploads\/2023\/04\/pic_Magdalenenkapelle_aussenChor.jpg 1333w\" sizes=\"(max-width: 341px) 100vw, 341px\" \/><figcaption class=\"wp-element-caption\">Magdalenenkapelle Halle<\/figcaption><\/figure><\/div><\/div>\n\n\n\n<div class=\"is-layout-flow wp-block-column is-vertically-aligned-top\" style=\"flex-basis:66.66%\">\n<p>Anschrift:<br>Friedemann-Bach-Platz 5, 06110 Halle (Saale)<\/p>\n\n\n\n<p>Lage: Kapelle in der Moritzburg Halle<br><br>Parkm\u00f6glichkeiten: unmittelbar vor der Moritzburg auf dem Friedemann-Bach-Platz<br>(geb\u00fchrenpflichtig  Mo-So  6-22 Uhr  H\u00f6chstparkdauer 3 Std. f\u00fcr  3 Euro)<br><br>mit der Stra\u00dfenbahn:<br>vom Markt mit den Linien 3 oder 8 Richtung Trotha oder<br>Linie 7 Richtung Kr\u00f6llwitz<br>bis Haltestelle Moritzburgring<br><br>zu Fu\u00df:<br>vom Marktplatz Richtung Norden (Stra\u00dfenbahnschienen folgen) \u00fcber Gro\u00dfe Ulrichstra\u00dfe, an der Kreuzung Universit\u00e4tsring links bis Friedemann-Bach-Platz (gesamt: ca. 10 Min.)<\/p>\n\n\n<div style=\"height:400pxpx;\" class=\"wp-block-themeisle-blocks-leaflet-map\" id=\"wp-block-themeisle-blocks-leaflet-map-217794a4\"><\/div>\n<script type=\"text\/javascript\">\n\t\/* <![CDATA[ *\/\n\t\tif ( ! window.themeisleLeafletMaps ) window.themeisleLeafletMaps =[];\n\t\twindow.themeisleLeafletMaps.push( { container: \"wp-block-themeisle-blocks-leaflet-map-217794a4\", attributes: {\"id\":\"wp-block-themeisle-blocks-leaflet-map-217794a4\",\"location\":\"Halle, Friedemann Bach Platz 5\",\"latitude\":\"51.4872756736659\",\"longitude\":\"11.964905261993408\",\"bbox\":\"11.96267366409302,51.48460330654958,11.967136859893799,51.48994788416445\",\"zoom\":16,\"markers\":[{\"id\":\"022e198a-7091-4185-b3ac-4cb46ffe7dba\",\"latitude\":51.48678129755648,\"longitude\":11.963682174682619,\"title\":\"Magdalenenkapelle\",\"description\":\"\"}],\"height\":\"400px\",\"zoomControl\":true,\"draggable\":true,\"hasCustomCSS\":false,\"customCSS\":\"\",\"otterConditions\":[]} } );\n\t\/* ]]> *\/\n<\/script>\n<\/div>\n<\/div>\n\n\n\n<h3 id=\"OrtStAgnusKircheKoethen\">St.-Agnus-Kirche K\u00f6then<\/h3>\n\n\n\n<div class=\"is-layout-flex wp-container-9 wp-block-columns\">\n<div class=\"is-layout-flow wp-block-column\" style=\"flex-basis:33.33%\"><div class=\"wp-block-image\">\n<figure class=\"aligncenter size-large\"><img decoding=\"async\" loading=\"lazy\" width=\"815\" height=\"1024\" src=\"https:\/\/halle-selk.de\/wp-content\/uploads\/2023\/04\/pic_StAgnusKirche_Koethen-815x1024.jpg\" alt=\"\" class=\"wp-image-933\" srcset=\"https:\/\/halle-selk.de\/wp-content\/uploads\/2023\/04\/pic_StAgnusKirche_Koethen-815x1024.jpg 815w, https:\/\/halle-selk.de\/wp-content\/uploads\/2023\/04\/pic_StAgnusKirche_Koethen-239x300.jpg 239w, https:\/\/halle-selk.de\/wp-content\/uploads\/2023\/04\/pic_StAgnusKirche_Koethen-768x965.jpg 768w, https:\/\/halle-selk.de\/wp-content\/uploads\/2023\/04\/pic_StAgnusKirche_Koethen-1223x1536.jpg 1223w, https:\/\/halle-selk.de\/wp-content\/uploads\/2023\/04\/pic_StAgnusKirche_Koethen.jpg 1500w\" sizes=\"(max-width: 815px) 100vw, 815px\" \/><figcaption class=\"wp-element-caption\">St.-Agnus-Kirche K\u00f6then<\/figcaption><\/figure><\/div><\/div>\n\n\n\n<div class=\"is-layout-flow wp-block-column is-vertically-aligned-top\" style=\"flex-basis:66.66%\">\n<p>Anschrift:<br>Stiftstra\u00dfe 11, 06366 K\u00f6then<br><br>Lage: in Schlo\u00dfn\u00e4he, ein Teil der Stiftstra\u00dfe (auch die St.-Agnus-Kirche) geh\u00f6rt zur B185<\/p>\n\n\n<div style=\"height:400pxpx;\" class=\"wp-block-themeisle-blocks-leaflet-map\" id=\"wp-block-themeisle-blocks-leaflet-map-963a329b\"><\/div>\n<script type=\"text\/javascript\">\n\t\/* <![CDATA[ *\/\n\t\tif ( ! window.themeisleLeafletMaps ) window.themeisleLeafletMaps =[];\n\t\twindow.themeisleLeafletMaps.push( { container: \"wp-block-themeisle-blocks-leaflet-map-963a329b\", attributes: {\"id\":\"wp-block-themeisle-blocks-leaflet-map-963a329b\",\"location\":\"Stiftstra\\u00dfe 11, K\\u00f6then\",\"latitude\":\"51.753801730665394\",\"longitude\":\"11.972458362579346\",\"bbox\":\"11.971342563629152,51.75247339144776,11.973574161529543,51.7551300308142\",\"zoom\":17,\"markers\":[{\"id\":\"522a2326-44a7-4877-81d5-8bab94daf844\",\"latitude\":51.75360415,\"longitude\":11.972447253943711,\"title\":\"St.-Agnus-Kirche K\\u00f6then\",\"description\":\"<p>Die Gemeinde ist regelm\\u00e4\\u00dfig etwa alle 4 Wochen in der St.-Agnus-Kirche zu Gast und feiert dort ihren Gottesdienst.<\\\/p>\"}],\"height\":\"400px\",\"zoomControl\":true,\"draggable\":true,\"hasCustomCSS\":false,\"customCSS\":\"\",\"otterConditions\":[]} } );\n\t\/* ]]> *\/\n<\/script>\n<\/div>\n<\/div>\n\n\n\n<h3 id=\"OrtDorfkircheMaasdorf\">Dorfkirche Maasdorf<\/h3>\n\n\n\n<div class=\"is-layout-flex wp-container-12 wp-block-columns\">\n<div class=\"is-layout-flow wp-block-column\" style=\"flex-basis:33.33%\"><div class=\"wp-block-image\">\n<figure class=\"aligncenter size-large\"><img decoding=\"async\" loading=\"lazy\" width=\"682\" height=\"1024\" src=\"https:\/\/halle-selk.de\/wp-content\/uploads\/2023\/04\/pic_DorfkircheMaasdorf-682x1024.jpg\" alt=\"\" class=\"wp-image-917\" srcset=\"https:\/\/halle-selk.de\/wp-content\/uploads\/2023\/04\/pic_DorfkircheMaasdorf-682x1024.jpg 682w, https:\/\/halle-selk.de\/wp-content\/uploads\/2023\/04\/pic_DorfkircheMaasdorf-200x300.jpg 200w, https:\/\/halle-selk.de\/wp-content\/uploads\/2023\/04\/pic_DorfkircheMaasdorf-768x1153.jpg 768w, https:\/\/halle-selk.de\/wp-content\/uploads\/2023\/04\/pic_DorfkircheMaasdorf-1024x1536.jpg 1024w, https:\/\/halle-selk.de\/wp-content\/uploads\/2023\/04\/pic_DorfkircheMaasdorf-1365x2048.jpg 1365w, https:\/\/halle-selk.de\/wp-content\/uploads\/2023\/04\/pic_DorfkircheMaasdorf.jpg 1500w\" sizes=\"(max-width: 682px) 100vw, 682px\" \/><figcaption class=\"wp-element-caption\">Dorfkirche in Maasdorf<\/figcaption><\/figure><\/div><\/div>\n\n\n\n<div class=\"is-layout-flow wp-block-column is-vertically-aligned-top\" style=\"flex-basis:66.66%\">\n<p>Anschrift:<br>Dorfstra\u00dfe, 06388 Maasdorf <br><br>Lage: zentrale Lage in der Ortschaft Maasdorf bei K\u00f6then, Landkreis Anhalt- Bitterfeld <br><br>Mit dem Auto: von K\u00f6then auf der K2074 \u00fcber Baasdorf Richtung G\u00f6rzig; am Ortseingang Reinsdorf rechts Richtung Maasdorf<\/p>\n\n\n<div style=\"height:400pxpx;\" class=\"wp-block-themeisle-blocks-leaflet-map\" id=\"wp-block-themeisle-blocks-leaflet-map-f0622b13\"><\/div>\n<script type=\"text\/javascript\">\n\t\/* <![CDATA[ *\/\n\t\tif ( ! window.themeisleLeafletMaps ) window.themeisleLeafletMaps =[];\n\t\twindow.themeisleLeafletMaps.push( { container: \"wp-block-themeisle-blocks-leaflet-map-f0622b13\", attributes: {\"id\":\"wp-block-themeisle-blocks-leaflet-map-f0622b13\",\"location\":\"Maasdorf\",\"latitude\":\"51.72277481454246\",\"longitude\":\"12.030029296875002\",\"bbox\":\"11.887207031250002,51.55231282551346,12.1728515625,51.892596535517995\",\"zoom\":10,\"markers\":[{\"id\":\"f68a79ea-d47e-4962-8d91-6a7e47133126\",\"latitude\":51.68226827504608,\"longitude\":11.961579322814943,\"title\":\"Dorfkirche in Maasdorf\",\"description\":\"\"}],\"height\":\"400px\",\"zoomControl\":true,\"draggable\":true,\"hasCustomCSS\":false,\"customCSS\":\"\",\"otterConditions\":[]} } );\n\t\/* ]]> *\/\n<\/script>\n<\/div>\n<\/div>\n\n\n\n<h3 id=\"OrtJohanniskircheDessau\">Johanniskirche Dessau<\/h3>\n\n\n\n<div class=\"is-layout-flex wp-container-15 wp-block-columns\">\n<div class=\"is-layout-flow wp-block-column\" style=\"flex-basis:33.33%\"><div class=\"wp-block-image\">\n<figure class=\"aligncenter size-large\"><img decoding=\"async\" loading=\"lazy\" width=\"1024\" height=\"768\" src=\"https:\/\/halle-selk.de\/wp-content\/uploads\/2023\/04\/pic_Johanniskirche_Dessau-1024x768.jpg\" alt=\"\" class=\"wp-image-923\" srcset=\"https:\/\/halle-selk.de\/wp-content\/uploads\/2023\/04\/pic_Johanniskirche_Dessau-1024x768.jpg 1024w, https:\/\/halle-selk.de\/wp-content\/uploads\/2023\/04\/pic_Johanniskirche_Dessau-300x225.jpg 300w, https:\/\/halle-selk.de\/wp-content\/uploads\/2023\/04\/pic_Johanniskirche_Dessau-768x576.jpg 768w, https:\/\/halle-selk.de\/wp-content\/uploads\/2023\/04\/pic_Johanniskirche_Dessau-1536x1152.jpg 1536w, https:\/\/halle-selk.de\/wp-content\/uploads\/2023\/04\/pic_Johanniskirche_Dessau.jpg 2000w\" sizes=\"(max-width: 1024px) 100vw, 1024px\" \/><figcaption class=\"wp-element-caption\">Johanniskirche Dessau<\/figcaption><\/figure><\/div><\/div>\n\n\n\n<div class=\"is-layout-flow wp-block-column is-vertically-aligned-top\" style=\"flex-basis:66.66%\">\n<p>Anschrift: <br>Johannisstra\u00dfe 11, 06844 Dessau-Ro\u00dflau <br><br>Lage: direkt an der B184, Ecke Johannisstra\u00dfe im Stadtzentrum (ca. 700 m vom Hauptbahnhof entfernt) <br><br>mit der Stra\u00dfenbahn: bis Hauptpost (4 Min. Fu\u00dfweg) bzw. mit dem Bus: bis Nantegasse (2 Min. Fu\u00dfweg) oder Hauptpost<\/p>\n\n\n<div style=\"height:400pxpx;\" class=\"wp-block-themeisle-blocks-leaflet-map\" id=\"wp-block-themeisle-blocks-leaflet-map-4d75a7bd\"><\/div>\n<script type=\"text\/javascript\">\n\t\/* <![CDATA[ *\/\n\t\tif ( ! window.themeisleLeafletMaps ) window.themeisleLeafletMaps =[];\n\t\twindow.themeisleLeafletMaps.push( { container: \"wp-block-themeisle-blocks-leaflet-map-4d75a7bd\", attributes: {\"id\":\"wp-block-themeisle-blocks-leaflet-map-4d75a7bd\",\"location\":\"Dessau Johannisstra\\u00dfe 11\",\"latitude\":\"51.837196218844895\",\"longitude\":\"12.244477272033691\",\"bbox\":\"12.242245674133303,51.83454440983995,12.246708869934082,51.839847871684505\",\"zoom\":16,\"markers\":[{\"id\":\"e2914a88-6465-44fc-af75-bf1b635934af\",\"latitude\":51.83718296018832,\"longitude\":12.242846488952638,\"title\":\"Johanniskirche Dessau\",\"description\":\"<p>Etwa alle 4 Wochen ist die Gemeinde in der Johanniskirche in Dessau zu Gast und feiert dort einen Gottesdienst.<\\\/p>\",\"location\":\"Johannisstra\\u00dfe 11, Dessau\"}],\"height\":\"400px\",\"zoomControl\":true,\"draggable\":true,\"hasCustomCSS\":false,\"customCSS\":\"\",\"otterConditions\":[]} } );\n\t\/* ]]> *\/\n<\/script>\n<\/div>\n<\/div>\n","protected":false},"excerpt":{"rendered":"<p>Gemeindehaus und Pfarramt Halle Anschrift:Advokatenweg 48, 06114 Halle (Saale) Lage: M\u00fchlwegviertel, Ecke M\u00fchlweg \/ Advokatenweg;gegen\u00fcber Diakoniekrankenhaus mit der Stra\u00dfenbahn:vom Markt mit Linie 8 Richtung Trotha bis Haltestelle M\u00fchlweg oder Diakoniewerk Magdalenenkapelle Halle Anschrift:Friedemann-Bach-Platz 5, 06110 Halle (Saale) Lage: Kapelle in der Moritzburg Halle Parkm\u00f6glichkeiten: unmittelbar vor der Moritzburg auf dem Friedemann-Bach-Platz(geb\u00fchrenpflichtig Mo-So 6-22 Uhr H\u00f6chstparkdauer &#8230; <a title=\"Orte\" class=\"read-more\" href=\"https:\/\/halle-selk.de\/?page_id=890\" aria-label=\"Read more about Orte\">Weiterlesen<\/a><\/p>\n","protected":false},"author":1,"featured_media":0,"parent":0,"menu_order":0,"comment_status":"closed","ping_status":"closed","template":"","meta":{"_eb_attr":"","ngg_post_thumbnail":0,"_themeisle_gutenberg_block_has_review":false},"_links":{"self":[{"href":"https:\/\/halle-selk.de\/index.php?rest_route=\/wp\/v2\/pages\/890"}],"collection":[{"href":"https:\/\/halle-selk.de\/index.php?rest_route=\/wp\/v2\/pages"}],"about":[{"href":"https:\/\/halle-selk.de\/index.php?rest_route=\/wp\/v2\/types\/page"}],"author":[{"embeddable":true,"href":"https:\/\/halle-selk.de\/index.php?rest_route=\/wp\/v2\/users\/1"}],"replies":[{"embeddable":true,"href":"https:\/\/halle-selk.de\/index.php?rest_route=%2Fwp%2Fv2%2Fcomments&post=890"}],"version-history":[{"count":36,"href":"https:\/\/halle-selk.de\/index.php?rest_route=\/wp\/v2\/pages\/890\/revisions"}],"predecessor-version":[{"id":1215,"href":"https:\/\/halle-selk.de\/index.php?rest_route=\/wp\/v2\/pages\/890\/revisions\/1215"}],"wp:attachment":[{"href":"https:\/\/halle-selk.de\/index.php?rest_route=%2Fwp%2Fv2%2Fmedia&parent=890"}],"curies":[{"name":"wp","href":"https:\/\/api.w.org\/{rel}","templated":true}]}}